{"id":13,"date":"2021-05-13T05:31:27","date_gmt":"2021-05-13T05:31:27","guid":{"rendered":"http:\/\/marcotuliomunoz.com\/?page_id=13"},"modified":"2025-08-27T14:05:32","modified_gmt":"2025-08-27T21:05:32","slug":"contactanos","status":"publish","type":"page","link":"https:\/\/marcotuliomunoz.com\/?page_id=13","title":{"rendered":"Contacto"},"content":{"rendered":"\n<div class=\"wp-block-cover alignfull\" style=\"min-height:263px;aspect-ratio:unset;\"><span aria-hidden=\"true\" class=\"wp-block-cover__background has-ast-global-color-5-background-color has-background-dim-100 has-background-dim\"><\/span><div class=\"wp-block-cover__inner-container is-layout-flow wp-block-cover-is-layout-flow\">\n<h1 class=\"wp-block-heading has-text-align-center has-ast-global-color-8-color has-text-color\">Cont\u00e1ctanos y cu\u00e9ntanos lo que necesitas<\/h1>\n\n\n\n<p class=\"has-text-align-center has-ast-global-color-8-color has-text-color\">\u00bfTe interesa un aval\u00fao y qui\u00e9res agendar una cita? \u00bfQuieres construir, ampliar o remodelar y requieres un Proyecto Arquitect\u00f3nico? \u00bfTienes alguna duda respecto a alguno de nuestros servicios? Entonces ponte en contacto con nosotros para resolver tus dudas a trav\u00e9s de esta p\u00e1gina.<\/p>\n\n\n\n<p class=\"has-text-align-center has-ast-global-color-8-color has-text-color\">Al desplazarte en esta secci\u00f3n encontrar\u00e1s las distintas formas de contactarnos. Te recomendamos utilizar el formulario para que nos cuentes un poco m\u00e1s acerca de lo que necesitas.<\/p>\n<\/div><\/div>\n\n\n\n<div class=\"wp-block-buttons is-layout-flex wp-block-buttons-is-layout-flex\"><\/div>\n\n\n\n<div class=\"wp-block-group alignfull has-ast-global-color-5-background-color has-background is-layout-constrained wp-block-group-is-layout-constrained\"><div class=\"wp-block-group__inner-container\">\n<div class=\"wp-block-columns are-vertically-aligned-center is-layout-flex wp-container-core-columns-is-layout-1 wp-block-columns-is-layout-flex\">\n<div class=\"wp-block-column is-vertically-aligned-center has-ast-global-color-4-background-color has-background is-layout-flow wp-block-column-is-layout-flow\">\n<div class=\"wp-block-group is-layout-constrained wp-block-group-is-layout-constrained\"><div class=\"wp-block-group__inner-container\">\n<h3 class=\"wp-block-heading has-text-align-center has-ast-global-color-8-color has-ast-global-color-4-background-color has-text-color has-background\" style=\"font-size:23px\">Cu\u00e9ntanos lo que necesitas<\/h3>\n\n\n\n<style>@media (max-width:480px){#cp_calculatedfieldsf_pform_1{min-height:874px;}}@media (max-width:768px){#cp_calculatedfieldsf_pform_1{min-height:744px;}}@media (max-width:1024px){#cp_calculatedfieldsf_pform_1{min-height:827px;}}@media (min-width:1024px){#cp_calculatedfieldsf_pform_1{min-height:762px;}}<\/style><form name=\"cp_calculatedfieldsf_pform_1\" id=\"cp_calculatedfieldsf_pform_1\" action=\"https:\/\/marcotuliomunoz.com\/?page_id=13\" method=\"post\" enctype=\"multipart\/form-data\" onsubmit=\"return fbuilderjQuery.fbuilder.doValidate(this);\" class=\"cff-form no-prefetch  cff-form-6 cp_cff_13\"  dir=\"ltr\" data-nonce=\"5dd9732194\">\n<input type=\"hidden\" name=\"cp_calculatedfieldsf_pform_psequence\" value=\"_1\" \/>\n<input type=\"hidden\" name=\"cp_calculatedfieldsf_id\" value=\"6\" \/>\n<input type=\"hidden\" name=\"cp_ref_page\" value=\"https:\/\/marcotuliomunoz.com\" \/>\n<pre style=\"display:none !important;\"><script data-category=\"functional\" type=\"text\/javascript\">form_structure_1=[[{\"form_identifier\":\"\",\"name\":\"fieldname6\",\"fieldlayout\":\"default\",\"shortlabel\":\"\",\"index\":0,\"ftype\":\"fdiv\",\"userhelp\":\"\",\"audiotutorial\":\"\",\"userhelpTooltip\":false,\"tooltipIcon\":false,\"csslayout\":\"\",\"hidefield\":false,\"advanced\":{\"css\":{\"container\":{\"label\":\"Field container div tag\",\"rules\":{}},\"label\":{\"label\":\"Field label\",\"rules\":{}},\"input\":{\"label\":\"Input tag\",\"rules\":{}},\"help\":{\"label\":\"Instructions for users\",\"rules\":{}}}},\"fields\":[\"fieldname1\",\"fieldname8\",\"fieldname3\"],\"columns\":\"1\",\"align\":\"top\",\"rearrange\":0,\"title\":\"div\",\"_developerNotes\":\"\",\"collapsed\":false,\"fBuild\":{},\"parent\":\"\"},{\"form_identifier\":\"\",\"name\":\"fieldname7\",\"fieldlayout\":\"default\",\"shortlabel\":\"\",\"index\":1,\"ftype\":\"fdropdown\",\"userhelp\":\"\",\"audiotutorial\":\"\",\"userhelpTooltip\":false,\"tooltipIcon\":false,\"csslayout\":\"\",\"hidefield\":false,\"advanced\":{\"css\":{\"container\":{\"label\":\"Field container div tag\",\"rules\":{}},\"label\":{\"label\":\"Field label\",\"rules\":{}},\"help\":{\"label\":\"Instructions for users\",\"rules\":{}},\"dropdown\":{\"label\":\"Dropdown\",\"rules\":{}}}},\"title\":\"Servicio que requieres\",\"size\":\"large\",\"required\":true,\"exclude\":false,\"accept_html\":false,\"toSubmit\":\"text\",\"merge\":0,\"choiceSelected\":\"\",\"select2\":false,\"multiple\":false,\"first_choice\":false,\"first_choice_text\":\"\",\"vChoices\":1,\"showDep\":true,\"nextPage\":false,\"choices\":[\"-Seleccionar- \",\"Aval\\u00fao Inmobiliario\",\"Arquitectura\",\"Consultor\\u00eda\",\"Estrategias para ahorrar energ\\u00eda en mi hogar\",\"Otro\"],\"optgroup\":[false,false,false,false,false,false],\"choicesVal\":[\"-Seleccionar- \",\"Aval\\u00fao Inmobiliario\",\"Arquitectura\",\"Consultor\\u00eda\",\"Estrategias para ahorrar energ\\u00eda en mi hogar\",\"Otro\"],\"choicesDep\":[[],[\"fieldname10\"],[\"fieldname11\"],[],[],[]],\"fBuild\":{},\"parent\":\"\"},{\"form_identifier\":\"\",\"name\":\"fieldname10\",\"fieldlayout\":\"default\",\"shortlabel\":\"\",\"index\":2,\"ftype\":\"fdropdown\",\"userhelp\":\"\",\"audiotutorial\":\"\",\"userhelpTooltip\":false,\"tooltipIcon\":false,\"csslayout\":\"\",\"hidefield\":false,\"advanced\":{\"css\":{\"container\":{\"label\":\"Field container div tag\",\"rules\":{}},\"label\":{\"label\":\"Field label\",\"rules\":{}},\"input\":{\"label\":\"Input tag\",\"rules\":{}},\"help\":{\"label\":\"Instructions for users\",\"rules\":{}},\"dropdown\":{\"label\":\"Dropdown\",\"rules\":{}}}},\"title\":\"Tipo de Aval\\u00fao que requieres:\",\"size\":\"large\",\"required\":true,\"exclude\":false,\"accept_html\":false,\"toSubmit\":\"text\",\"merge\":0,\"choiceSelected\":\"\",\"select2\":false,\"multiple\":false,\"first_choice\":false,\"first_choice_text\":\"\",\"vChoices\":1,\"showDep\":false,\"nextPage\":false,\"choices\":[\"-Seleccionar-\",\"Aval\\u00fao Escrituraci\\u00f3n\",\"Opini\\u00f3n de Valor\",\"Aval\\u00fao FOVISSSTE\",\"Aval\\u00fao INFONAVIT\",\"Aval\\u00fao SHF\",\"Otro\"],\"optgroup\":[false,false,false,false,false,false,false],\"choicesVal\":[\"-Seleccionar-\",\"Aval\\u00fao Escrituraci\\u00f3n\",\"Opini\\u00f3n de Valor\",\"Aval\\u00fao FOVISSSTE\",\"Aval\\u00fao INFONAVIT\",\"Aval\\u00fao SHF\",\"Otro\"],\"choicesDep\":[[],[],[],[],[],[],[]],\"fBuild\":{},\"parent\":\"\"},{\"form_identifier\":\"\",\"name\":\"fieldname11\",\"fieldlayout\":\"default\",\"shortlabel\":\"\",\"index\":3,\"ftype\":\"fdropdown\",\"userhelp\":\"\",\"audiotutorial\":\"\",\"userhelpTooltip\":false,\"tooltipIcon\":false,\"csslayout\":\"\",\"hidefield\":false,\"advanced\":{\"css\":{\"container\":{\"label\":\"Field container div tag\",\"rules\":{}},\"label\":{\"label\":\"Field label\",\"rules\":{}},\"input\":{\"label\":\"Input tag\",\"rules\":{}},\"help\":{\"label\":\"Instructions for users\",\"rules\":{}},\"dropdown\":{\"label\":\"Dropdown\",\"rules\":{}}}},\"title\":\"Servicio de Arquitectura que requieres:\",\"size\":\"large\",\"required\":true,\"exclude\":false,\"accept_html\":false,\"toSubmit\":\"text\",\"merge\":0,\"choiceSelected\":\"\",\"select2\":false,\"multiple\":false,\"first_choice\":false,\"first_choice_text\":\"\",\"vChoices\":1,\"showDep\":false,\"nextPage\":false,\"choices\":[\"-Seleccionar-\",\"Proyecto Arquitect\\u00f3nico\",\"Plano Arquitect\\u00f3nico\",\"Estrategias para ahorrar energ\\u00eda en mi hogar\",\"Otro\"],\"optgroup\":[false,false,false,false,false],\"choicesVal\":[\"-Seleccionar-\",\"Proyecto Arquitect\\u00f3nico\",\"Plano Arquitect\\u00f3nico\",\"Estrategias para ahorrar energ\\u00eda en mi hogar\",\"Otro\"],\"choicesDep\":[[],[],[],[],[]],\"fBuild\":{},\"parent\":\"\"},{\"form_identifier\":\"\",\"name\":\"fieldname4\",\"fieldlayout\":\"default\",\"shortlabel\":\"\",\"index\":4,\"ftype\":\"ftextarea\",\"userhelp\":\"Cu\\u00e9ntanos un poco m\\u00e1s acerca del SERVICIO que requieres. Nos es de mucha utilidad que nos describas el inmueble (m2 de construcci\\u00f3n, m2 de terreno) para el cual te interesa el servicio, ya que con esto podemos darte mas rapido un presupuesto\",\"audiotutorial\":\"\",\"userhelpTooltip\":false,\"tooltipIcon\":false,\"csslayout\":\"\",\"hidefield\":false,\"advanced\":{\"css\":{\"container\":{\"label\":\"Field container div tag\",\"rules\":{}},\"label\":{\"label\":\"Field label\",\"rules\":{}},\"input\":{\"label\":\"Input tag\",\"rules\":{}},\"help\":{\"label\":\"Instructions for users\",\"rules\":{}},\"textarea\":{\"label\":\"Text area\",\"rules\":{}}}},\"title\":\"Cu\\u00e9ntanos que es lo que necesitas\",\"autocomplete\":\"off\",\"predefined\":\"\",\"predefinedClick\":false,\"required\":true,\"exclude\":false,\"accept_html\":false,\"readonly\":false,\"size\":\"large\",\"minlength\":\"\",\"maxlength\":\"320\",\"rows\":\"5\",\"fBuild\":{},\"parent\":\"\"},{\"form_identifier\":\"\",\"name\":\"fieldname9\",\"fieldlayout\":\"default\",\"shortlabel\":\"\",\"index\":5,\"ftype\":\"facceptance\",\"userhelp\":\"\",\"audiotutorial\":\"\",\"userhelpTooltip\":false,\"tooltipIcon\":false,\"csslayout\":\"\",\"hidefield\":false,\"advanced\":{\"css\":{\"container\":{\"label\":\"Field container div tag\",\"rules\":{}},\"label\":{\"label\":\"Field label\",\"rules\":{}},\"input\":{\"label\":\"Input tag\",\"rules\":{}},\"help\":{\"label\":\"Instructions for users\",\"rules\":{}},\"choice\":{\"label\":\"Choice text\",\"rules\":{}},\"text\":{\"label\":\"Acknowledgement text\",\"rules\":{}}}},\"title\":\"Acepto que se recopile la informaci\\u00f3n\",\"value\":\"S\\u00ed acepto\",\"url\":\"\",\"message\":\"\",\"required\":true,\"exclude\":false,\"onoff\":0,\"fBuild\":{},\"parent\":\"\"},{\"form_identifier\":\"\",\"name\":\"fieldname5\",\"fieldlayout\":\"default\",\"shortlabel\":\"\",\"index\":6,\"ftype\":\"fButton\",\"userhelp\":\"\",\"audiotutorial\":\"\",\"userhelpTooltip\":false,\"tooltipIcon\":false,\"csslayout\":\"\",\"hidefield\":false,\"advanced\":{\"css\":{\"container\":{\"label\":\"Field container div tag\",\"rules\":{}},\"label\":{\"label\":\"Field label\",\"rules\":{}},\"input\":{\"label\":\"Input tag\",\"rules\":{}},\"help\":{\"label\":\"Instructions for users\",\"rules\":{}},\"button\":{\"label\":\"Button\",\"rules\":{}},\"button_hover\":{\"label\":\"Button hover\",\"rules\":{}}}},\"sType\":\"button\",\"sValue\":\"Enviar\",\"sOnclick\":\"jQuery(this.form).submit();\",\"sOnmousedown\":\"\",\"sLoading\":false,\"sMultipage\":false,\"fBuild\":{},\"parent\":\"\"},{\"form_identifier\":\"\",\"name\":\"fieldname1\",\"fieldlayout\":\"default\",\"shortlabel\":\"\",\"index\":7,\"ftype\":\"ftext\",\"userhelp\":\"\",\"audiotutorial\":\"\",\"userhelpTooltip\":false,\"tooltipIcon\":false,\"csslayout\":\"\",\"hidefield\":false,\"advanced\":{\"css\":{\"container\":{\"label\":\"Field container div tag\",\"rules\":{}},\"label\":{\"label\":\"Field label\",\"rules\":{}},\"input\":{\"label\":\"Input tag\",\"rules\":{}},\"help\":{\"label\":\"Instructions for users\",\"rules\":{}}}},\"title\":\"Nombre:\",\"autocomplete\":\"off\",\"predefined\":\"\",\"predefinedClick\":false,\"required\":true,\"exclude\":false,\"accept_html\":false,\"readonly\":false,\"size\":\"large\",\"minlength\":\"\",\"maxlength\":\"\",\"equalTo\":\"\",\"regExp\":\"\",\"regExpMssg\":\"\",\"fBuild\":{},\"parent\":\"fieldname6\"},{\"form_identifier\":\"\",\"name\":\"fieldname3\",\"fieldlayout\":\"default\",\"shortlabel\":\"\",\"index\":8,\"ftype\":\"femail\",\"userhelp\":\"\",\"audiotutorial\":\"\",\"userhelpTooltip\":false,\"tooltipIcon\":false,\"csslayout\":\"\",\"hidefield\":false,\"advanced\":{\"css\":{\"container\":{\"label\":\"Field container div tag\",\"rules\":{}},\"label\":{\"label\":\"Field label\",\"rules\":{}},\"input\":{\"label\":\"Input tag\",\"rules\":{}},\"help\":{\"label\":\"Instructions for users\",\"rules\":{}}}},\"title\":\"Email\",\"autocomplete\":\"off\",\"predefined\":\"\",\"predefinedClick\":false,\"required\":true,\"exclude\":false,\"readonly\":false,\"size\":\"large\",\"equalTo\":\"\",\"regExp\":\"\",\"regExpMssg\":\"\",\"fBuild\":{},\"parent\":\"fieldname6\"},{\"form_identifier\":\"\",\"name\":\"fieldname8\",\"fieldlayout\":\"default\",\"shortlabel\":\"\",\"index\":9,\"ftype\":\"fPhone\",\"userhelp\":\"\",\"audiotutorial\":\"\",\"userhelpTooltip\":false,\"tooltipIcon\":false,\"csslayout\":\"\",\"hidefield\":false,\"advanced\":{\"css\":{\"container\":{\"label\":\"Field container div tag\",\"rules\":{}},\"label\":{\"label\":\"Field label\",\"rules\":{}},\"input\":{\"label\":\"Input tag\",\"rules\":{}},\"help\":{\"label\":\"Instructions for users\",\"rules\":{}},\"phone\":{\"label\":\"Phone\",\"rules\":{}},\"prefix\":{\"label\":\"Prefix list\",\"rules\":{}},\"format\":{\"label\":\"Format hint text\",\"rules\":{}}}},\"title\":\"Tel\\u00e9fono\",\"required\":true,\"exclude\":false,\"readonly\":false,\"dformat\":\"##########\",\"predefined\":\"1232222222\",\"predefinedClick\":true,\"countryComponent\":false,\"toDisplay\":\"code\",\"includeFlags\":true,\"includeCountryNames\":true,\"countries\":[\"AD\",\"AE\",\"AF\",\"AG\",\"AI\",\"AL\",\"AM\",\"AN\",\"AO\",\"AQ\",\"AR\",\"AS\",\"AT\",\"AU\",\"AW\",\"AX\",\"AZ\",\"BA\",\"BB\",\"BD\",\"BE\",\"BF\",\"BG\",\"BH\",\"BI\",\"BJ\",\"BL\",\"BM\",\"BN\",\"BO\",\"BR\",\"BS\",\"BT\",\"BV\",\"BW\",\"BY\",\"BZ\",\"CA\",\"CC\",\"CD\",\"CF\",\"CG\",\"CH\",\"CI\",\"CK\",\"CL\",\"CM\",\"CN\",\"CO\",\"CR\",\"CU\",\"CV\",\"CX\",\"CY\",\"CZ\",\"DE\",\"DJ\",\"DK\",\"DM\",\"DO\",\"DZ\",\"EC\",\"EE\",\"EG\",\"ER\",\"ES\",\"ET\",\"FI\",\"FJ\",\"FK\",\"FM\",\"FO\",\"FR\",\"GA\",\"GB\",\"GD\",\"GE\",\"GF\",\"GG\",\"GH\",\"GI\",\"GL\",\"GM\",\"GN\",\"GP\",\"GQ\",\"GR\",\"GS\",\"GT\",\"GU\",\"GW\",\"GY\",\"HK\",\"HM\",\"HN\",\"HR\",\"HT\",\"HU\",\"ID\",\"IE\",\"IL\",\"IM\",\"IN\",\"IO\",\"IQ\",\"IR\",\"IS\",\"IT\",\"JE\",\"JM\",\"JO\",\"JP\",\"KE\",\"KG\",\"KH\",\"KI\",\"KM\",\"KN\",\"KP\",\"KR\",\"KW\",\"KY\",\"KZ\",\"LA\",\"LB\",\"LC\",\"LI\",\"LK\",\"LR\",\"LS\",\"LT\",\"LU\",\"LV\",\"LY\",\"MA\",\"MC\",\"MD\",\"ME\",\"MF\",\"MG\",\"MH\",\"MK\",\"ML\",\"MM\",\"MN\",\"MO\",\"MP\",\"MQ\",\"MR\",\"MS\",\"MT\",\"MU\",\"MV\",\"MW\",\"MX\",\"MY\",\"MZ\",\"NA\",\"NC\",\"NE\",\"NF\",\"NG\",\"NI\",\"NL\",\"NO\",\"NP\",\"NR\",\"NU\",\"NZ\",\"OM\",\"PA\",\"PE\",\"PF\",\"PG\",\"PH\",\"PK\",\"PL\",\"PM\",\"PN\",\"PR\",\"PS\",\"PT\",\"PW\",\"PY\",\"QA\",\"RE\",\"RO\",\"RS\",\"RU\",\"RW\",\"SA\",\"SB\",\"SC\",\"SD\",\"SE\",\"SG\",\"SH\",\"SI\",\"SJ\",\"SK\",\"SL\",\"SM\",\"SN\",\"SO\",\"SR\",\"SS\",\"ST\",\"SV\",\"SY\",\"SZ\",\"TC\",\"TD\",\"TF\",\"TG\",\"TH\",\"TJ\",\"TK\",\"TL\",\"TM\",\"TN\",\"TO\",\"TR\",\"TT\",\"TV\",\"TW\",\"TZ\",\"UA\",\"UG\",\"US\",\"UY\",\"UZ\",\"VA\",\"VC\",\"VE\",\"VG\",\"VI\",\"VN\",\"VU\",\"WF\",\"WS\",\"XK\",\"YE\",\"YT\",\"ZA\",\"ZM\",\"ZW\"],\"defaultCountry\":\"MX\",\"dynamic\":true,\"size\":\"large\",\"fBuild\":{},\"parent\":\"fieldname6\"}],{\"0\":{\"title\":\"Cont\\u00e1ctanos\",\"titletag\":\"H2\",\"textalign\":\"default\",\"headertextcolor\":\"\",\"description\":\"\",\"formlayout\":\"top_aligned\",\"formtemplate\":\"cp_cff_13\",\"evalequations\":1,\"evalequations_delay\":0,\"evalequationsevent\":2,\"direction\":\"ltr\",\"loading_animation\":0,\"autocomplete\":1,\"persistence\":0,\"animate_form\":0,\"animation_effect\":\"fade\",\"customstyles\":\"\",\"advanced\":{\"css\":{\"header\":{\"label\":\"Form header\",\"rules\":{}},\"title\":{\"label\":\"Form title\",\"rules\":{}},\"description\":{\"label\":\"Form description\",\"rules\":{}},\"form\":{\"label\":\"Form area\",\"rules\":{}},\"buttons\":{\"label\":\"Form context buttons (Next page, Previous page, Submit)\",\"rules\":{}},\"buttons_hover\":{\"label\":\"Form context buttons hover\",\"rules\":{}},\"tooltips_icons\":{\"label\":\"Icons for instructions for users tooltips\",\"rules\":{}},\"tooltips\":{\"label\":\"Instructions for users tooltips\",\"rules\":{}},\"error_bubble\":{\"label\":\"Error bubbles\",\"rules\":{}},\"error_bubble_arrow\":{\"label\":\"Error bubble arrow\",\"rules\":{\"border-bottom-color\":\"\"},\"restrict\":true},\"required_field_asterisk\":{\"label\":\"Asterisk for required fields\",\"rules\":{}}}},\"request_cost\":\"fieldname4\"},\"formid\":\"cp_calculatedfieldsf_pform_1\"}];<\/script><\/pre>\n<div id=\"fbuilder\">\n\t\t<div id=\"fbuilder_1\">\n\t\t<div id=\"formheader_1\"><\/div>\n\t\t<div id=\"fieldlist_1\"><\/div>\n\t\t<div class=\"clearer\"><\/div>\n\t<\/div>\n<\/div>\n\t<div class=\"clearer\"><\/div>\n\t<input type=\"hidden\" id=\"_cpcff_public_nonce\" name=\"_cpcff_public_nonce\" value=\"8fe55777c7\" \/><input type=\"hidden\" name=\"_wp_http_referer\" value=\"\/index.php?rest_route=%2Fwp%2Fv2%2Fpages%2F13\" \/><\/form>\n\t\n<\/div><\/div>\n<\/div>\n\n\n\n<div class=\"wp-block-column is-vertically-aligned-center has-ast-global-color-5-background-color has-background is-layout-flow wp-block-column-is-layout-flow\">\n<figure class=\"wp-block-image size-large\"><img loading=\"lazy\" decoding=\"async\" width=\"1024\" height=\"1024\" src=\"https:\/\/marcotuliomunoz.com\/wp-content\/uploads\/2022\/05\/Cuanto-vender-1024x1024.png\" alt=\"servicio de aval\u00faos en hermosillo\" class=\"wp-image-305\"\/><\/figure>\n\n\n\n<div class=\"wp-block-group has-ast-global-color-5-background-color has-background is-layout-constrained wp-block-group-is-layout-constrained\"><div class=\"wp-block-group__inner-container\">\n<h4 class=\"wp-block-heading has-ast-global-color-8-color has-text-color\">\u00bfEst\u00e1s buscando un servicio de valuaci\u00f3n de calidad?<\/h4>\n\n\n\n<h2 class=\"wp-block-heading has-ast-global-color-8-color has-ast-global-color-5-background-color has-text-color has-background\">Ponte en contacto con nosotros<\/h2>\n\n\n\n<p class=\"has-ast-global-color-8-color has-ast-global-color-5-background-color has-text-color has-background\">Escr\u00edbenos si tienes alguna duda acerca de nuestros servicios, o bien puedes llamarnos o programar una cita.<\/p>\n<\/div><\/div>\n\n\n\n<div class=\"wp-block-buttons is-content-justification-center is-layout-flex wp-container-core-buttons-is-layout-2 wp-block-buttons-is-layout-flex\">\n<div class=\"wp-block-button has-custom-font-size is-style-fill has-medium-font-size\"><a class=\"wp-block-button__link has-ast-global-color-4-color has-luminous-vivid-orange-background-color has-text-color has-background wp-element-button\" href=\"Tel:+5216621997966\">Ll\u00e1manos<\/a><\/div>\n\n\n\n<div class=\"wp-block-button has-custom-font-size has-medium-font-size\"><a class=\"wp-block-button__link has-ast-global-color-4-color has-vivid-green-cyan-background-color has-text-color has-background wp-element-button\" href=\"https:\/\/api.whatsapp.com\/send?phone=5216621997966\">Whatsapp<\/a><\/div>\n\n\n\n<div class=\"wp-block-button has-custom-font-size is-style-fill has-medium-font-size\"><a class=\"wp-block-button__link has-ast-global-color-4-color has-luminous-vivid-orange-background-color has-text-color has-background wp-element-button\" href=\"https:\/\/marcotuliomuoz.setmore.com\/\">Agenda una cita <\/a><\/div>\n<\/div>\n<\/div>\n<\/div>\n<\/div><\/div>\n\n\n\n<div class=\"wp-block-columns is-layout-flex wp-container-core-columns-is-layout-2 wp-block-columns-is-layout-flex\">\n<div class=\"wp-block-column is-layout-flow wp-block-column-is-layout-flow\">\n<h3 class=\"wp-block-heading has-text-align-center\">\u00bfQuieres cotizar el servicio?<\/h3>\n\n\n\n<div class=\"wp-block-buttons is-content-justification-center is-layout-flex wp-container-core-buttons-is-layout-3 wp-block-buttons-is-layout-flex\">\n<div class=\"wp-block-button\"><a class=\"wp-block-button__link has-vivid-red-background-color has-background has-text-align-center wp-element-button\" href=\"https:\/\/marcotuliomunoz.com\/?page_id=1155\"><strong>Da click aqu\u00ed para Cotizar<\/strong><\/a><\/div>\n<\/div>\n<\/div>\n<\/div>\n\n\n\n<div class=\"wp-block-columns is-layout-flex wp-container-core-columns-is-layout-3 wp-block-columns-is-layout-flex\">\n<div class=\"wp-block-column is-layout-flow wp-block-column-is-layout-flow\">\n<h2 class=\"wp-block-heading has-medium-font-size\">Suscr\u00edbete a nuestro Newsletter<\/h2>\n\n\n\n<p>Y s\u00e9 de los primeros en enterarte de promociones y nueva informaci\u00f3n<\/p>\n<\/div>\n\n\n\n<div class=\"wp-block-column is-layout-flow wp-block-column-is-layout-flow\">\n<div id=\"mc_embed_shell\">\n      <link href=\"\/\/cdn-images.mailchimp.com\/embedcode\/classic-061523.css\" rel=\"stylesheet\" type=\"text\/css\">\n  <style type=\"text\/css\">\n        #mc_embed_signup{background:#fff; false;clear:left; font:14px Helvetica,Arial,sans-serif; width: 400px;}\n        \/* Add your own Mailchimp form style overrides in your site stylesheet or in this style block.\n           We recommend moving this block and the preceding CSS link to the HEAD of your HTML file. *\/\n<\/style>\n<div id=\"mc_embed_signup\">\n    <form action=\"https:\/\/marcotuliomunoz.us12.list-manage.com\/subscribe\/post?u=f03fc0812cc24b157238e513c&amp;id=4b3fbaa632&amp;f_id=00b48de1f0\" method=\"post\" id=\"mc-embedded-subscribe-form\" name=\"mc-embedded-subscribe-form\" class=\"validate\" target=\"_blank\">\n        <div id=\"mc_embed_signup_scroll\"><h2>Suscr\u00edbete<\/h2>\n            <div class=\"indicates-required\"><span class=\"asterisk\">*<\/span> indica que es obligatorio<\/div>\n            <div class=\"mc-field-group\"><label for=\"mce-EMAIL\">Direcci\u00f3n de correo electr\u00f3nico <span class=\"asterisk\">*<\/span><\/label><input type=\"email\" name=\"EMAIL\" class=\"required email\" id=\"mce-EMAIL\" required=\"\" value=\"\"><\/div>\n        <div id=\"mce-responses\" class=\"clear foot\">\n            <div class=\"response\" id=\"mce-error-response\" style=\"display: none;\"><\/div>\n            <div class=\"response\" id=\"mce-success-response\" style=\"display: none;\"><\/div>\n        <\/div>\n    <div aria-hidden=\"true\" style=\"position: absolute; left: -5000px;\">\n        \/* real people should not fill this in and expect good things &#8211; do not remove this or risk form bot signups *\/\n        <input type=\"text\" name=\"b_f03fc0812cc24b157238e513c_4b3fbaa632\" tabindex=\"-1\" value=\"\">\n    <\/div>\n        <div class=\"optionalParent\">\n            <div class=\"clear foot\">\n                <input type=\"submit\" name=\"subscribe\" id=\"mc-embedded-subscribe\" class=\"button\" value=\"Subscribe\">\n                <p style=\"margin: 0px auto;\"><a href=\"http:\/\/eepurl.com\/i7txvw\" title=\"Mailchimp: marketing por correo electr\u00f3nico f\u00e1cil y divertido\"><span style=\"display: inline-block; background-color: transparent; border-radius: 4px;\"><img decoding=\"async\" class=\"refferal_badge\" src=\"https:\/\/digitalasset.intuit.com\/render\/content\/dam\/intuit\/mc-fe\/en_us\/images\/intuit-mc-rewards-text-dark.svg\" alt=\"Intuit Mailchimp\" style=\"width: 220px; height: 40px; display: flex; padding: 2px 0px; justify-content: center; align-items: center;\"><\/span><\/a><\/p>\n            <\/div>\n        <\/div>\n    <\/div>\n<\/form>\n<\/div>\n<script type=\"text\/javascript\" src=\"\/\/s3.amazonaws.com\/downloads.mailchimp.com\/js\/mc-validate.js\"><\/script><script type=\"text\/javascript\">(function($) {window.fnames = new Array(); window.ftypes = new Array();fnames[0]='EMAIL';ftypes[0]='email';fnames[1]='FNAME';ftypes[1]='text';fnames[2]='LNAME';ftypes[2]='text';fnames[3]='ADDRESS';ftypes[3]='address';fnames[4]='PHONE';ftypes[4]='phone';fnames[5]='BIRTHDAY';ftypes[5]='birthday';fnames[6]='COMPANY';ftypes[6]='text';}(jQuery));var $mcj = jQuery.noConflict(true);<\/script><\/div>\n<\/div>\n<\/div>\n","protected":false},"excerpt":{"rendered":"<p>Cu\u00e9ntanos lo que necesitas \u00bfEst\u00e1s buscando un servicio de valuaci\u00f3n de calidad? Ponte en contacto con nosotros Escr\u00edbenos si tienes alguna duda acerca de nuestros servicios, o bien puedes llamarnos o programar una cita. \u00bfQuieres cotizar el servicio? Suscr\u00edbete a nuestro Newsletter Y s\u00e9 de los primeros en enterarte de promociones y nueva informaci\u00f3n Suscr\u00edbete &hellip;<\/p>\n<p class=\"read-more\"> <a class=\"ast-button\" href=\"https:\/\/marcotuliomunoz.com\/?page_id=13\"> <span class=\"screen-reader-text\">Contacto<\/span> Leer m\u00e1s >><\/a><\/p>\n","protected":false},"author":1,"featured_media":0,"parent":0,"menu_order":0,"comment_status":"closed","ping_status":"closed","template":"","meta":{"_monsterinsights_skip_tracking":false,"_monsterinsights_sitenote_active":false,"_monsterinsights_sitenote_note":"","_monsterinsights_sitenote_category":0,"_uf_show_specific_survey":0,"_uf_disable_surveys":false,"site-sidebar-layout":"no-sidebar","site-content-layout":"plain-container","ast-main-header-display":"","ast-hfb-above-header-display":"","ast-hfb-below-header-display":"","ast-hfb-mobile-header-display":"","site-post-title":"disabled","ast-breadcrumbs-content":"","ast-featured-img":"","footer-sml-layout":"","theme-transparent-header-meta":"disabled","adv-header-id-meta":"","stick-header-meta":"","header-above-stick-meta":"","header-main-stick-meta":"","header-below-stick-meta":"","footnotes":""},"class_list":["post-13","page","type-page","status-publish","hentry"],"aioseo_notices":[],"_links":{"self":[{"href":"https:\/\/marcotuliomunoz.com\/index.php?rest_route=\/wp\/v2\/pages\/13","targetHints":{"allow":["GET"]}}],"collection":[{"href":"https:\/\/marcotuliomunoz.com\/index.php?rest_route=\/wp\/v2\/pages"}],"about":[{"href":"https:\/\/marcotuliomunoz.com\/index.php?rest_route=\/wp\/v2\/types\/page"}],"author":[{"embeddable":true,"href":"https:\/\/marcotuliomunoz.com\/index.php?rest_route=\/wp\/v2\/users\/1"}],"replies":[{"embeddable":true,"href":"https:\/\/marcotuliomunoz.com\/index.php?rest_route=%2Fwp%2Fv2%2Fcomments&post=13"}],"version-history":[{"count":62,"href":"https:\/\/marcotuliomunoz.com\/index.php?rest_route=\/wp\/v2\/pages\/13\/revisions"}],"predecessor-version":[{"id":1240,"href":"https:\/\/marcotuliomunoz.com\/index.php?rest_route=\/wp\/v2\/pages\/13\/revisions\/1240"}],"wp:attachment":[{"href":"https:\/\/marcotuliomunoz.com\/index.php?rest_route=%2Fwp%2Fv2%2Fmedia&parent=13"}],"curies":[{"name":"wp","href":"https:\/\/api.w.org\/{rel}","templated":true}]}}