{"id":12,"date":"2021-05-13T05:31:27","date_gmt":"2021-05-13T05:31:27","guid":{"rendered":"http:\/\/marcotuliomunoz.com\/?page_id=12"},"modified":"2025-09-10T22:41:54","modified_gmt":"2025-09-11T05:41:54","slug":"servicios","status":"publish","type":"page","link":"https:\/\/marcotuliomunoz.com\/?page_id=12","title":{"rendered":"Nuestros Servicios"},"content":{"rendered":"\n<div class=\"wp-block-cover alignfull\" style=\"min-height:492px;aspect-ratio:unset;\"><span aria-hidden=\"true\" class=\"wp-block-cover__background has-ast-global-color-5-background-color has-background-dim-100 has-background-dim\"><\/span><div class=\"wp-block-cover__inner-container is-layout-flow wp-block-cover-is-layout-flow\">\n<h1 class=\"wp-block-heading has-text-align-center has-ast-global-color-8-color has-text-color\">Servicios de Arquitectura, Valuaci\u00f3n, Consultor\u00eda y Levantamiento Arquitect\u00f3nico.<\/h1>\n\n\n\n<p class=\"has-text-align-center has-ast-global-color-8-color has-text-color\">Te ofrecemos gran variedad de servicios inmobiliarios. Adem\u00e1s de los relacionados a la valuaci\u00f3n de inmuebles objetos de cr\u00e9dito a la vivienda como los aval\u00faos requeridos para ejercer tu cr\u00e9dito<strong> INFONAVIT o FOVISSSTE<\/strong>, tambi\u00e9n elaboramos aval\u00faos para <strong>ICRESON <\/strong>por si est\u00e1s por escriturar alg\u00fan inmueble. La <strong>Opini\u00f3n de valor<\/strong> de tu inmueble es \u00fatil cuando quieres vender y no sabes en cuanto, o bien, simplemente quieres conocer el valor de tu propiedad. El servicio de <strong>Levantamiento Arquitect\u00f3nico<\/strong> es muy util cuando requieres tener el plano de tu propiedad, ya sea para planear alguna remodelaci\u00f3n o ampliaci\u00f3n, o simplementquieres conocer las medidas y distribuci\u00f3n de tu inmueble.<\/p>\n\n\n\n<p class=\"has-text-align-center has-ast-global-color-8-color has-text-color\">Te ofrecemos servicios de Arquitectura como la Elaboraci\u00f3n de Proyectos Arquitect\u00f3nicos para dise\u00f1os desde cero, remodelaci\u00f3n, ampliaci\u00f3n. Adem\u00e1s te ofrecemos el servicio de elaboraci\u00f3n de Planos Arquitect\u00f3nicos y de<strong> recomendaciones para el Ahorro de Energ\u00eda en tu Vivienda en Clima C\u00e1lido-Seco.<\/strong><\/p>\n\n\n\n<p class=\"has-text-align-center has-ast-global-color-8-color has-text-color\">Por \u00faltimo, pero no menos importante, te ofrecemos el servicio de<strong> Consultor\u00eda<\/strong>, para conocer que alternativas pudieras tener para mejorar el valor o dise\u00f1o de tu inmueble, as\u00ed como resolver alguna duda relacionada..<\/p>\n\n\n\n<h2 class=\"wp-block-heading has-text-align-center has-ast-global-color-4-background-color has-background\">Servicios de Valuaci\u00f3n<\/h2>\n<\/div><\/div>\n\n\n\n<div class=\"wp-block-group alignfull has-ast-global-color-5-background-color has-background is-layout-constrained wp-block-group-is-layout-constrained\"><div class=\"wp-block-group__inner-container\">\n<div class=\"wp-block-columns alignwide is-layout-flex wp-container-core-columns-is-layout-1 wp-block-columns-is-layout-flex\">\n<div class=\"wp-block-column is-layout-flow wp-block-column-is-layout-flow\">\n<figure class=\"wp-block-image alignwide size-medium\"><img loading=\"lazy\" decoding=\"async\" width=\"300\" height=\"297\" src=\"https:\/\/marcotuliomunoz.com\/wp-content\/uploads\/2025\/09\/AVALUO-PLUS-300x297.png\" alt=\"\" class=\"wp-image-1339\" srcset=\"https:\/\/marcotuliomunoz.com\/wp-content\/uploads\/2025\/09\/AVALUO-PLUS-300x297.png 300w, https:\/\/marcotuliomunoz.com\/wp-content\/uploads\/2025\/09\/AVALUO-PLUS-150x150.png 150w, https:\/\/marcotuliomunoz.com\/wp-content\/uploads\/2025\/09\/AVALUO-PLUS.png 667w\" sizes=\"auto, (max-width: 300px) 100vw, 300px\" \/><\/figure>\n\n\n\n<h4 class=\"wp-block-heading has-text-align-center has-ast-global-color-8-color has-ast-global-color-4-background-color has-text-color has-background has-medium-font-size\">Aval\u00fao Plus<\/h4>\n\n\n\n<p class=\"has-text-align-center\">Descubre el verdadero potencial de tu hogar con nuestro paquete de servicios integral. Obt\u00e9n un&nbsp;<strong>Aval\u00fao Inmobiliario profesional<\/strong>. Adem\u00e1s, recibir\u00e1s una&nbsp;<strong>Calificaci\u00f3n por Eficiencia Energ\u00e9tica (basada en Emisiones)<\/strong>, un diagn\u00f3stico clave para comprender el impacto ambiental de tu vivienda y su consumo energ\u00e9tico. Te incluyo <strong>Recomendaciones <\/strong>&nbsp;para optimizar la eficiencia energ\u00e9tica de tu hogar, reduciendo tus facturas y contribuyendo a un futuro m\u00e1s sostenible. <\/p>\n\n\n\n<div class=\"wp-block-buttons is-content-justification-center is-layout-flex wp-container-core-buttons-is-layout-1 wp-block-buttons-is-layout-flex\">\n<div class=\"wp-block-button\"><a class=\"wp-block-button__link wp-element-button\" href=\"https:\/\/marcotuliomunoz.com\/?p=1354\">Leer m\u00e1s<\/a><\/div>\n\n\n\n<div class=\"wp-block-button\"><a class=\"wp-block-button__link has-vivid-red-background-color has-background wp-element-button\" href=\"https:\/\/marcotuliomunoz.com\/?page_id=1155\">Cotiza el Servicio<\/a><\/div>\n<\/div>\n<\/div>\n\n\n\n<div class=\"wp-block-column is-layout-flow wp-block-column-is-layout-flow\">\n<figure class=\"wp-block-image alignwide size-large\"><img loading=\"lazy\" decoding=\"async\" width=\"1024\" height=\"1024\" src=\"https:\/\/marcotuliomunoz.com\/wp-content\/uploads\/2022\/05\/3-1-1024x1024.png\" alt=\"avaluo icreson traslado de dominio\" class=\"wp-image-296\"\/><\/figure>\n\n\n\n<h4 class=\"wp-block-heading has-text-align-center has-ast-global-color-8-color has-ast-global-color-4-background-color has-text-color has-background has-medium-font-size\">Aval\u00fao para Escrituraci\u00f3n<\/h4>\n\n\n\n<p><\/p>\n\n\n\n<p class=\"has-text-align-center\">Indispensable para llevar a cabo la <strong>escrituraci\u00f3n de cualquier inmueble,<\/strong> y posteriormente el <strong>traslado de dominio.<\/strong><\/p>\n\n\n\n<p class=\"has-text-align-center\">Si est\u00e1s por <strong>comprar un inmueble de contado<\/strong>, o bien tienes <strong>pendiente una escriutra<\/strong> requieres de este tipo de aval\u00fao..<\/p>\n\n\n\n<div class=\"wp-block-buttons is-content-justification-center is-layout-flex wp-container-core-buttons-is-layout-2 wp-block-buttons-is-layout-flex\">\n<div class=\"wp-block-button\"><a class=\"wp-block-button__link has-vivid-red-background-color has-background wp-element-button\" href=\"https:\/\/marcotuliomunoz.com\/?page_id=1155\">Cotiza el Servicio<\/a><\/div>\n<\/div>\n<\/div>\n\n\n\n<div class=\"wp-block-column is-layout-flow wp-block-column-is-layout-flow\">\n<figure class=\"wp-block-image size-large\"><img loading=\"lazy\" decoding=\"async\" width=\"1024\" height=\"1024\" src=\"https:\/\/marcotuliomunoz.com\/wp-content\/uploads\/2022\/05\/avaluo_asesoria-1-1024x1024.png\" alt=\"asesoria inmobiliaria\" class=\"wp-image-417\"\/><\/figure>\n\n\n\n<h4 class=\"wp-block-heading has-text-align-center has-ast-global-color-8-color has-ast-global-color-4-background-color has-text-color has-background has-medium-font-size\">Consultor\u00eda<\/h4>\n\n\n\n<p><\/p>\n\n\n\n<p class=\"has-text-align-center\">El servicio de Consultor\u00eda es muy \u00fatil para resolver tus dudas acerca de la posici\u00f3n de tu inmueble respecto al mercado inmobiliario de la ciudad, y conocer las alternativas para poder mejorar su valor.                                                                      <\/p>\n\n\n\n<div class=\"wp-block-buttons is-content-justification-center is-layout-flex wp-container-core-buttons-is-layout-3 wp-block-buttons-is-layout-flex\">\n<div class=\"wp-block-button\"><a class=\"wp-block-button__link wp-element-button\" href=\"https:\/\/marcotuliomunoz.com\/?page_id=13\">Solicita el Servicio<\/a><\/div>\n<\/div>\n<\/div>\n<\/div>\n\n\n\n<div class=\"wp-block-columns alignwide is-layout-flex wp-container-core-columns-is-layout-2 wp-block-columns-is-layout-flex\">\n<div class=\"wp-block-column is-layout-flow wp-block-column-is-layout-flow\">\n<figure class=\"wp-block-image size-large\"><img loading=\"lazy\" decoding=\"async\" width=\"1024\" height=\"1024\" src=\"https:\/\/marcotuliomunoz.com\/wp-content\/uploads\/2022\/05\/OPINION-DE-VALOR-1024x1024.png\" alt=\"opinion de valor \" class=\"wp-image-414\"\/><\/figure>\n\n\n\n<h4 class=\"wp-block-heading has-text-align-center has-ast-global-color-8-color has-ast-global-color-4-background-color has-text-color has-background has-medium-font-size\">Opini\u00f3n de Valor<\/h4>\n\n\n\n<p class=\"has-text-align-center\">\u00bfTe interesa vender tu inmueble y no sabes en cu\u00e1nto? Te ofrecemos el servicio de <strong>Opinion de Valor<\/strong>, para que sepas en qu\u00e9 valor empezar a comercializar tu inmueble o bien, conocer el valor del inmueble que te interesa comprar.<\/p>\n\n\n\n<div class=\"wp-block-buttons is-content-justification-center is-layout-flex wp-container-core-buttons-is-layout-4 wp-block-buttons-is-layout-flex\">\n<div class=\"wp-block-button\"><a class=\"wp-block-button__link has-vivid-red-background-color has-background wp-element-button\" href=\"https:\/\/marcotuliomunoz.com\/?page_id=1155\">Cotiza el Servicio<\/a><\/div>\n<\/div>\n<\/div>\n\n\n\n<div class=\"wp-block-column is-layout-flow wp-block-column-is-layout-flow\">\n<figure class=\"wp-block-image alignwide size-large\"><img loading=\"lazy\" decoding=\"async\" width=\"1024\" height=\"1024\" src=\"https:\/\/marcotuliomunoz.com\/wp-content\/uploads\/2022\/05\/2-1-1024x1024.png\" alt=\"avaluo fovissste\" class=\"wp-image-295\"\/><\/figure>\n\n\n\n<h4 class=\"wp-block-heading has-text-align-center has-ast-global-color-8-color has-ast-global-color-4-background-color has-text-color has-background has-medium-font-size\">Aval\u00fao para FOVISSSTE<\/h4>\n\n\n\n<p class=\"has-text-align-center\">Es uno de los requisitos para llevar a cabo la compra de vivienda utilizando el cr\u00e9dito FOVISSSTE. <\/p>\n\n\n\n<p class=\"has-text-align-center\">En este documento se estima el valor de mercado de la vivienda, siguiendo la normativa de Sociedad Hipotecaria Federal.<\/p>\n\n\n\n<div class=\"wp-block-buttons is-content-justification-center is-layout-flex wp-container-core-buttons-is-layout-5 wp-block-buttons-is-layout-flex\">\n<div class=\"wp-block-button aligncenter\"><a class=\"wp-block-button__link has-ast-global-color-0-background-color has-background wp-element-button\" href=\"https:\/\/marcotuliomunoz.com\/?p=829\">Ve los requisitos<\/a><\/div>\n\n\n\n<div class=\"wp-block-button\"><a class=\"wp-block-button__link has-vivid-red-background-color has-background wp-element-button\" href=\"https:\/\/marcotuliomunoz.com\/?page_id=1155\">Cotiza el Servicio<\/a><\/div>\n<\/div>\n<\/div>\n\n\n\n<div class=\"wp-block-column is-layout-flow wp-block-column-is-layout-flow\">\n<figure class=\"wp-block-image alignwide size-large\"><img loading=\"lazy\" decoding=\"async\" width=\"1024\" height=\"1024\" src=\"https:\/\/marcotuliomunoz.com\/wp-content\/uploads\/2022\/05\/1-1-1024x1024.png\" alt=\"avaluo infonavit\" class=\"wp-image-294\"\/><\/figure>\n\n\n\n<h2 class=\"wp-block-heading has-text-align-center has-ast-global-color-8-color has-ast-global-color-4-background-color has-text-color has-background has-medium-font-size\">Aval\u00fao para INFONAVIT<\/h2>\n\n\n\n<p class=\"has-text-align-center\">Es uno de los requisitos para llevar a cabo la compra de vivienda utilizando tu cr\u00e9dito INFONAVIT. <\/p>\n\n\n\n<p class=\"has-text-align-center\">En este documento se estima el valor de mercado de la vivienda, siguiendo la normativa de Sociedad Hipotecaria Federal.<\/p>\n\n\n\n<div class=\"wp-block-buttons is-content-justification-center is-layout-flex wp-container-core-buttons-is-layout-6 wp-block-buttons-is-layout-flex\">\n<div class=\"wp-block-button aligncenter\"><a class=\"wp-block-button__link has-ast-global-color-0-background-color has-background wp-element-button\" href=\"https:\/\/marcotuliomunoz.com\/?p=595\" target=\"_blank\" rel=\"noreferrer noopener\">Ve los requisitos<\/a><\/div>\n\n\n\n<div class=\"wp-block-button aligncenter\"><a class=\"wp-block-button__link has-vivid-red-background-color has-background wp-element-button\" href=\"https:\/\/marcotuliomunoz.com\/?page_id=1155\">Cotiza el Servicio<\/a><\/div>\n<\/div>\n<\/div>\n<\/div>\n\n\n\n<h2 class=\"wp-block-heading has-text-align-center has-ast-global-color-4-background-color has-background\">Servicios de Arquitectura<\/h2>\n\n\n\n<div class=\"wp-block-columns is-layout-flex wp-container-core-columns-is-layout-3 wp-block-columns-is-layout-flex\">\n<div class=\"wp-block-column is-layout-flow wp-block-column-is-layout-flow\">\n<figure class=\"wp-block-image alignwide size-full\"><img decoding=\"async\" src=\"https:\/\/marcotuliomunoz.com\/wp-content\/uploads\/2025\/08\/calculadoraemisiones3.png\" alt=\"\" class=\"wp-image-1077\"\/><\/figure>\n\n\n\n<h5 class=\"wp-block-heading has-text-align-center has-ast-global-color-4-background-color has-background\">Calificaci\u00f3n por Emisiones Residenciales<\/h5>\n\n\n\n<p class=\"has-text-align-center\">Esta calificaci\u00f3n est\u00e1 directamente relacionada con tu consumo de electricidad y el costo de tu recibo de luz<strong>.<\/strong> <strong>\u00a1Te asesoramos para que ahorres!<\/strong><\/p>\n\n\n\n<p class=\"has-text-align-center\"><strong>Un puntaje bajo en tu calificaci\u00f3n de emisiones significa mayor gasto de energ\u00eda el\u00e9ctrica en tu vivienda.<\/strong><\/p>\n\n\n\n<div class=\"wp-block-buttons is-content-justification-center is-layout-flex wp-container-core-buttons-is-layout-7 wp-block-buttons-is-layout-flex\">\n<div class=\"wp-block-button\"><a class=\"wp-block-button__link has-ast-global-color-8-color has-vivid-green-cyan-background-color has-text-color has-background has-link-color wp-element-button\" href=\"https:\/\/marcotuliomunoz.com\/?page_id=1084\"><strong>Conoce la Calificaci\u00f3n de tu Vivienda<\/strong><\/a><\/div>\n<\/div>\n<\/div>\n\n\n\n<div class=\"wp-block-column is-layout-flow wp-block-column-is-layout-flow\">\n<div style=\"height:0px\" aria-hidden=\"true\" class=\"wp-block-spacer\"><\/div>\n\n\n\n<figure class=\"wp-block-image alignwide size-full\"><img loading=\"lazy\" decoding=\"async\" width=\"480\" height=\"480\" src=\"https:\/\/marcotuliomunoz.com\/wp-content\/uploads\/2025\/09\/proy_sostenible-Pequeno.png\" alt=\"\" class=\"wp-image-1335\" srcset=\"https:\/\/marcotuliomunoz.com\/wp-content\/uploads\/2025\/09\/proy_sostenible-Pequeno.png 480w, https:\/\/marcotuliomunoz.com\/wp-content\/uploads\/2025\/09\/proy_sostenible-Pequeno-300x300.png 300w, https:\/\/marcotuliomunoz.com\/wp-content\/uploads\/2025\/09\/proy_sostenible-Pequeno-150x150.png 150w\" sizes=\"auto, (max-width: 480px) 100vw, 480px\" \/><\/figure>\n\n\n\n<h5 class=\"wp-block-heading has-text-align-center has-ast-global-color-4-background-color has-background\">Proyecto Arquitect\u00f3nico con Enfoque Sostenible<\/h5>\n\n\n\n<p>\u00bfQuieres una vivienda o una oficina dise\u00f1ada a tu medida? \u00bfTienes en mente ampliar o remodelar tu casa u oficina? Te ofrecemos el servicio de elaboraci\u00f3n de <strong>Proyectos Arquitect\u00f3nicos con Enfoque Sostenible.<\/strong> el cual te permitir\u00e1 contribuir al combate del aumento de temperatura.<\/p>\n\n\n\n<div style=\"height:17px\" aria-hidden=\"true\" class=\"wp-block-spacer\"><\/div>\n\n\n\n<div class=\"wp-block-buttons is-content-justification-center is-layout-flex wp-container-core-buttons-is-layout-8 wp-block-buttons-is-layout-flex\">\n<div class=\"wp-block-button\"><a class=\"wp-block-button__link has-vivid-red-background-color has-background wp-element-button\" href=\"https:\/\/marcotuliomunoz.com\/?page_id=1155\">Cotiza el Servicio<\/a><\/div>\n<\/div>\n<\/div>\n\n\n\n<div class=\"wp-block-column is-layout-flow wp-block-column-is-layout-flow\">\n<div style=\"height:30px\" aria-hidden=\"true\" class=\"wp-block-spacer\"><\/div>\n\n\n\n<figure class=\"wp-block-image size-large\"><img loading=\"lazy\" decoding=\"async\" width=\"1024\" height=\"1024\" src=\"https:\/\/marcotuliomunoz.com\/wp-content\/uploads\/2022\/05\/Copia-de-ARQUITECTURA-1-1024x1024.png\" alt=\"\" class=\"wp-image-413\"\/><\/figure>\n\n\n\n<div style=\"height:33px\" aria-hidden=\"true\" class=\"wp-block-spacer\"><\/div>\n\n\n\n<h5 class=\"wp-block-heading has-text-align-center has-ast-global-color-4-background-color has-background\">Plano Arquitect\u00f3nico<\/h5>\n\n\n\n<p>Te ofrecemos el servicio de Levantamiento Arquitect\u00f3nico, para elaborar un plano arquitect\u00f3nico de calidad profesional. Esto es \u00fatil para cuando requieres tener el plano de tu propiedad, ya sea porque tienes pensado hacer alguna ampliaci\u00f3n o remodelaci\u00f3n, para solicitar un seguro, o simplemente para tenerlo en tu archivo.<\/p>\n\n\n\n<div style=\"height:17px\" aria-hidden=\"true\" class=\"wp-block-spacer\"><\/div>\n\n\n\n<div class=\"wp-block-buttons is-content-justification-center is-layout-flex wp-container-core-buttons-is-layout-9 wp-block-buttons-is-layout-flex\">\n<div class=\"wp-block-button\"><a class=\"wp-block-button__link has-vivid-red-background-color has-background wp-element-button\" href=\"https:\/\/marcotuliomunoz.com\/?page_id=1155\">Cotiza el Servicio<\/a><\/div>\n<\/div>\n<\/div>\n<\/div>\n\n\n\n<div style=\"height:40px\" aria-hidden=\"true\" class=\"wp-block-spacer\"><\/div>\n\n\n\n<div class=\"wp-block-buttons is-content-justification-center is-layout-flex wp-container-core-buttons-is-layout-10 wp-block-buttons-is-layout-flex\">\n<div class=\"wp-block-button has-custom-width wp-block-button__width-50 has-custom-font-size has-medium-font-size\"><a class=\"wp-block-button__link has-ast-global-color-0-background-color has-background wp-element-button\" href=\"https:\/\/marcotuliomunoz.com\/?page_id=13\" target=\"_blank\" rel=\"noreferrer noopener\"><strong>Solic\u00edta aqu\u00ed el servicio que requieres<\/strong><\/a><\/div>\n<\/div>\n<\/div><\/div>\n\n\n\n<div class=\"wp-block-media-text alignwide has-media-on-the-right is-stacked-on-mobile is-vertically-aligned-center has-ast-global-color-4-background-color has-background\" style=\"grid-template-columns:auto 40%\"><div class=\"wp-block-media-text__content\">\n<div class=\"wp-block-group is-layout-constrained wp-block-group-is-layout-constrained\"><div class=\"wp-block-group__inner-container\">\n<h2 class=\"wp-block-heading has-text-align-center has-ast-global-color-8-color has-text-color\"><br><strong>\u00bfNecesitas un aval\u00fao?<\/strong><\/h2>\n\n\n\n<p class=\"has-text-align-center has-ast-global-color-8-color has-text-color\">\u00bfQuieres vender tu inmueble y no sabes en cu\u00e1nto? Comun\u00edcate con nosotros para que nos platiques sobre tu inmueble, y as\u00ed poder ayudarte. <\/p>\n\n\n\n<div class=\"wp-block-buttons is-horizontal is-content-justification-center is-layout-flex wp-container-core-buttons-is-layout-11 wp-block-buttons-is-layout-flex\">\n<div class=\"wp-block-button has-custom-width wp-block-button__width-25 has-custom-font-size\" style=\"font-size:18px\"><a class=\"wp-block-button__link has-ast-global-color-4-color has-luminous-vivid-orange-background-color has-text-color has-background wp-element-button\" href=\"Tel:+5216621997966\">Ll\u00e1manos<\/a><\/div>\n\n\n\n<div class=\"wp-block-button has-custom-width wp-block-button__width-25 has-custom-font-size\" style=\"font-size:18px\"><a class=\"wp-block-button__link has-ast-global-color-4-color has-vivid-green-cyan-background-color has-text-color has-background wp-element-button\" href=\"https:\/\/api.whatsapp.com\/send?phone=5216621997966\">Whatsapp<\/a><\/div>\n\n\n\n<div class=\"wp-block-button has-custom-width wp-block-button__width-25 has-custom-font-size\" style=\"font-size:18px\"><a class=\"wp-block-button__link has-ast-global-color-4-color has-luminous-vivid-orange-background-color has-text-color has-background wp-element-button\" href=\"https:\/\/marcotuliomunoz.com\/?page_id=13\" target=\"_blank\" rel=\"noreferrer noopener\">Escr\u00edbenos<\/a><\/div>\n<\/div>\n<\/div><\/div>\n<\/div><figure class=\"wp-block-media-text__media\"><img loading=\"lazy\" decoding=\"async\" width=\"1024\" height=\"1024\" src=\"https:\/\/marcotuliomunoz.com\/wp-content\/uploads\/2022\/05\/Cuanto-vender-1024x1024.png\" alt=\"valor de tu inmueble en hermosillo\" class=\"wp-image-305 size-large\"\/><\/figure><\/div>\n\n\n\n<p><\/p>\n","protected":false},"excerpt":{"rendered":"<p>Aval\u00fao Plus Descubre el verdadero potencial de tu hogar con nuestro paquete de servicios integral. Obt\u00e9n un&nbsp;Aval\u00fao Inmobiliario profesional. Adem\u00e1s, recibir\u00e1s una&nbsp;Calificaci\u00f3n por Eficiencia Energ\u00e9tica (basada en Emisiones), un diagn\u00f3stico clave para comprender el impacto ambiental de tu vivienda y su consumo energ\u00e9tico. Te incluyo Recomendaciones &nbsp;para optimizar la eficiencia energ\u00e9tica de tu hogar, reduciendo &hellip;<\/p>\n<p class=\"read-more\"> <a class=\"ast-button\" href=\"https:\/\/marcotuliomunoz.com\/?page_id=12\"> <span class=\"screen-reader-text\">Nuestros Servicios<\/span> Leer m\u00e1s >><\/a><\/p>\n","protected":false},"author":1,"featured_media":0,"parent":0,"menu_order":0,"comment_status":"closed","ping_status":"closed","template":"","meta":{"_monsterinsights_skip_tracking":false,"_monsterinsights_sitenote_active":false,"_monsterinsights_sitenote_note":"","_monsterinsights_sitenote_category":0,"_uf_show_specific_survey":0,"_uf_disable_surveys":false,"site-sidebar-layout":"no-sidebar","site-content-layout":"plain-container","ast-main-header-display":"","ast-hfb-above-header-display":"","ast-hfb-below-header-display":"","ast-hfb-mobile-header-display":"","site-post-title":"disabled","ast-breadcrumbs-content":"","ast-featured-img":"","footer-sml-layout":"","theme-transparent-header-meta":"disabled","adv-header-id-meta":"","stick-header-meta":"","header-above-stick-meta":"","header-main-stick-meta":"","header-below-stick-meta":"","footnotes":""},"class_list":["post-12","page","type-page","status-publish","hentry"],"aioseo_notices":[],"_links":{"self":[{"href":"https:\/\/marcotuliomunoz.com\/index.php?rest_route=\/wp\/v2\/pages\/12","targetHints":{"allow":["GET"]}}],"collection":[{"href":"https:\/\/marcotuliomunoz.com\/index.php?rest_route=\/wp\/v2\/pages"}],"about":[{"href":"https:\/\/marcotuliomunoz.com\/index.php?rest_route=\/wp\/v2\/types\/page"}],"author":[{"embeddable":true,"href":"https:\/\/marcotuliomunoz.com\/index.php?rest_route=\/wp\/v2\/users\/1"}],"replies":[{"embeddable":true,"href":"https:\/\/marcotuliomunoz.com\/index.php?rest_route=%2Fwp%2Fv2%2Fcomments&post=12"}],"version-history":[{"count":97,"href":"https:\/\/marcotuliomunoz.com\/index.php?rest_route=\/wp\/v2\/pages\/12\/revisions"}],"predecessor-version":[{"id":1380,"href":"https:\/\/marcotuliomunoz.com\/index.php?rest_route=\/wp\/v2\/pages\/12\/revisions\/1380"}],"wp:attachment":[{"href":"https:\/\/marcotuliomunoz.com\/index.php?rest_route=%2Fwp%2Fv2%2Fmedia&parent=12"}],"curies":[{"name":"wp","href":"https:\/\/api.w.org\/{rel}","templated":true}]}}